{"id":1638,"date":"2023-11-24T20:59:29","date_gmt":"2023-11-24T20:59:29","guid":{"rendered":"https:\/\/poderetesoro.com\/?post_type=product&#038;p=1638"},"modified":"2023-11-24T21:26:28","modified_gmt":"2023-11-24T21:26:28","slug":"brilliante-organic-sparkling-rose","status":"publish","type":"product","link":"https:\/\/poderetesoro.com\/it\/prodotto\/brilliante-organic-sparkling-rose\/","title":{"rendered":"\"Brilliante\" Ros\u00e9 spumante biologico"},"content":{"rendered":"<p><img fetchpriority=\"high\" decoding=\"async\" class=\"size-medium wp-image-1636 alignleft\" src=\"https:\/\/poderetesoro.com\/wp-content\/uploads\/2023\/01\/2-300x300.png\" alt=\"Tuscan Rose sparkling wine Brilliante | Tuscany | Vineyard | Organic wine\" width=\"300\" height=\"300\" srcset=\"https:\/\/poderetesoro.com\/wp-content\/uploads\/2023\/01\/2-300x300.png 300w, https:\/\/poderetesoro.com\/wp-content\/uploads\/2023\/01\/2-1024x1024.png 1024w, https:\/\/poderetesoro.com\/wp-content\/uploads\/2023\/01\/2-150x150.png 150w, https:\/\/poderetesoro.com\/wp-content\/uploads\/2023\/01\/2-2000x2000.png 2000w, https:\/\/poderetesoro.com\/wp-content\/uploads\/2023\/01\/2-1536x1536.png 1536w, https:\/\/poderetesoro.com\/wp-content\/uploads\/2023\/01\/2-2048x2048.png 2048w, https:\/\/poderetesoro.com\/wp-content\/uploads\/2023\/01\/2-600x600.png 600w, https:\/\/poderetesoro.com\/wp-content\/uploads\/2023\/01\/2-100x100.png 100w, https:\/\/poderetesoro.com\/wp-content\/uploads\/2023\/01\/2-12x12.png 12w\" sizes=\"(max-width: 300px) 100vw, 300px\" \/><\/p>\n<p><a href=\"https:\/\/poderetesoro.com\/it\/prodotto\/brilliante-organic-sparkling-rose\/\"><strong>\"Brilliante\" Ros\u00e9 spumante biologico<\/strong><\/a><\/p>\n<p>Che si tratti di una festa o semplicemente di un momento di tranquillit\u00e0, il nostro Ros\u00e9 frizzante biologico \"Brilliante\" \u00e8 la scelta ideale. Con le sue note floreali e il suo ipnotico colore rosa, ogni sorso vi trasporter\u00e0 in un mondo di raffinatezza e piacere. Abbinabile a piatti di pesce e carni bianche, questo Ros\u00e9 esalta i sapori delle vostre creazioni culinarie.<\/p>\n<p><strong>Uve:<\/strong> biologiche Sangiovese<\/p>\n<p><strong>Area di produzione:<\/strong> uve coltivate nel Podere Tesoro a Radicondoli (SI)<\/p>\n<p><strong>Terreni:<\/strong> di medio impasto, prevalentemente argillosi e sabbiosi, con esposizione sud, sud-ovest, con pH sub-alcalino.<\/p>\n<p><strong>Clima:<\/strong> grazie ai venti ascensionali provenienti dal mare e alle escursioni termiche tra giorno e notte si ottengono interessanti profumi floreali e fruttati.<\/p>\n<p><strong>Vendemmia:<\/strong> Manual at the beginning of September in crates, with scrupulous selection of the grapes.<\/p>\n<p><strong>Vinificazione:<\/strong> soffice pressatura dei grappoli interi e prima decantazione naturale del mosto. Fermentazione a temperatura controllata per ottenere profumi importanti.<\/p>\n<p><strong>Spumantizzazione:<\/strong> secondo il metodo Charmat.<\/p>\n<p><strong>Vista:<\/strong> colore rosa con delicati riflessi salmone. Perlage fine e persistente.<\/p>\n<p><strong>Olfatto:<\/strong> Al naso intense note floreali di rosa canina e aromi di sottobosco.<\/p>\n<p><strong>Gusto:<\/strong> Rotondo e croccante al palato e finale di buona intensit\u00e0 e lunghezza.<\/p>\n<p><strong>Abbinamenti:<\/strong> Ottimo come aperitivo, eccellente in abbinamento a piatti di pesce o carni bianche.<\/p>\n<p><strong>Temperatura di servizio:<\/strong> 8-10\u00b0C<\/p>\n<p><strong>Alcohol content:<\/strong> 12.5% vol.<\/p>\n<p><strong>Conservazione:<\/strong> bottiglia coricata al riparo dalla luce e dagli sbalzi di temperatura.<\/p>\n<p><strong>Prezzo:<\/strong> 25 euro per bottiglia da 0,75 litri<\/p>\n<p><a href=\"https:\/\/www.instagram.com\/podere_tesoro\/\">Date un'occhiata al nostro Instagram!\u00a0<\/a><\/p>","protected":false},"excerpt":{"rendered":"<p>Che si tratti di una festa o semplicemente di un momento di tranquillit\u00e0, il nostro Ros\u00e9 frizzante biologico \"Brilliante\" \u00e8 la scelta ideale. Con le sue note floreali e il suo ipnotico colore rosa, ogni sorso vi trasporter\u00e0 in un mondo di raffinatezza e piacere. Abbinabile a piatti di pesce e carni bianche, questo Ros\u00e9 esalta i sapori delle vostre creazioni culinarie.<\/p>","protected":false},"featured_media":1636,"template":"","meta":{"_coblocks_attr":"","_coblocks_dimensions":"","_coblocks_responsive_height":"","_coblocks_accordion_ie_support":"","_themeisle_gutenberg_block_has_review":false},"product_brand":[],"product_cat":[21,20],"product_tag":[],"class_list":{"0":"post-1638","1":"product","2":"type-product","3":"status-publish","4":"has-post-thumbnail","6":"product_cat-vini-rossi","7":"product_cat-vini-toscani","9":"first","10":"instock","11":"taxable","12":"shipping-taxable","13":"purchasable","14":"product-type-simple"},"yoast_head":"<!-- This site is optimized with the Yoast SEO plugin v27.4 - https:\/\/yoast.com\/product\/yoast-seo-wordpress\/ -->\n<title>&quot;Brilliante&quot; Organic sparkling Ros\u00e9 - PODERE TESORO<\/title>\n<meta name=\"description\" content=\"Discover &quot;Brilliante&quot; Organic sparkling Ros\u00e9, perfect for elevating your moments \u2014 created for celebration and sophistication.\" \/>\n<meta name=\"robots\" content=\"index, follow, max-snippet:-1, max-image-preview:large, max-video-preview:-1\" \/>\n<link rel=\"canonical\" href=\"https:\/\/poderetesoro.com\/it\/prodotto\/brilliante-organic-sparkling-rose\/\" \/>\n<meta property=\"og:locale\" content=\"it_IT\" \/>\n<meta property=\"og:type\" content=\"article\" \/>\n<meta property=\"og:title\" content=\"&quot;Brilliante&quot; Organic sparkling Ros\u00e9 - PODERE TESORO\" \/>\n<meta property=\"og:description\" content=\"Discover &quot;Brilliante&quot; Organic sparkling Ros\u00e9, perfect for elevating your moments \u2014 created for celebration and sophistication.\" \/>\n<meta property=\"og:url\" content=\"https:\/\/poderetesoro.com\/it\/prodotto\/brilliante-organic-sparkling-rose\/\" \/>\n<meta property=\"og:site_name\" content=\"PODERE TESORO\" \/>\n<meta property=\"article:modified_time\" content=\"2023-11-24T21:26:28+00:00\" \/>\n<meta property=\"og:image\" content=\"https:\/\/poderetesoro.com\/wp-content\/uploads\/2023\/01\/2-1024x1024.png\" \/>\n\t<meta property=\"og:image:width\" content=\"1024\" \/>\n\t<meta property=\"og:image:height\" content=\"1024\" \/>\n\t<meta property=\"og:image:type\" content=\"image\/png\" \/>\n<meta name=\"twitter:card\" content=\"summary_large_image\" \/>\n<meta name=\"twitter:label1\" content=\"Tempo di lettura stimato\" \/>\n\t<meta name=\"twitter:data1\" content=\"2 minuti\" \/>\n<script type=\"application\/ld+json\" class=\"yoast-schema-graph\">{\"@context\":\"https:\\\/\\\/schema.org\",\"@graph\":[{\"@type\":\"WebPage\",\"@id\":\"https:\\\/\\\/poderetesoro.com\\\/product\\\/brilliante-organic-sparkling-rose\\\/\",\"url\":\"https:\\\/\\\/poderetesoro.com\\\/product\\\/brilliante-organic-sparkling-rose\\\/\",\"name\":\"\\\"Brilliante\\\" Organic sparkling Ros\u00e9 - PODERE TESORO\",\"isPartOf\":{\"@id\":\"https:\\\/\\\/poderetesoro.com\\\/#website\"},\"primaryImageOfPage\":{\"@id\":\"https:\\\/\\\/poderetesoro.com\\\/product\\\/brilliante-organic-sparkling-rose\\\/#primaryimage\"},\"image\":{\"@id\":\"https:\\\/\\\/poderetesoro.com\\\/product\\\/brilliante-organic-sparkling-rose\\\/#primaryimage\"},\"thumbnailUrl\":\"https:\\\/\\\/poderetesoro.com\\\/wp-content\\\/uploads\\\/2023\\\/01\\\/2.png\",\"datePublished\":\"2023-11-24T20:59:29+00:00\",\"dateModified\":\"2023-11-24T21:26:28+00:00\",\"description\":\"Discover \\\"Brilliante\\\" Organic sparkling Ros\u00e9, perfect for elevating your moments \u2014 created for celebration and sophistication.\",\"breadcrumb\":{\"@id\":\"https:\\\/\\\/poderetesoro.com\\\/product\\\/brilliante-organic-sparkling-rose\\\/#breadcrumb\"},\"inLanguage\":\"it-IT\",\"potentialAction\":[{\"@type\":\"ReadAction\",\"target\":[\"https:\\\/\\\/poderetesoro.com\\\/product\\\/brilliante-organic-sparkling-rose\\\/\"]}]},{\"@type\":\"ImageObject\",\"inLanguage\":\"it-IT\",\"@id\":\"https:\\\/\\\/poderetesoro.com\\\/product\\\/brilliante-organic-sparkling-rose\\\/#primaryimage\",\"url\":\"https:\\\/\\\/poderetesoro.com\\\/wp-content\\\/uploads\\\/2023\\\/01\\\/2.png\",\"contentUrl\":\"https:\\\/\\\/poderetesoro.com\\\/wp-content\\\/uploads\\\/2023\\\/01\\\/2.png\",\"width\":2835,\"height\":2835,\"caption\":\"Tuscan Rose sparkling wine Brilliante | Tuscany | Vineyard | Organic wine\"},{\"@type\":\"BreadcrumbList\",\"@id\":\"https:\\\/\\\/poderetesoro.com\\\/product\\\/brilliante-organic-sparkling-rose\\\/#breadcrumb\",\"itemListElement\":[{\"@type\":\"ListItem\",\"position\":1,\"name\":\"Home\",\"item\":\"https:\\\/\\\/poderetesoro.com\\\/\"},{\"@type\":\"ListItem\",\"position\":2,\"name\":\"Bio Shop\",\"item\":\"https:\\\/\\\/poderetesoro.com\\\/bio-shop-podere-tesoro-products\\\/\"},{\"@type\":\"ListItem\",\"position\":3,\"name\":\"&#8220;Brilliante&#8221; Organic sparkling Ros\u00e9\"}]},{\"@type\":\"WebSite\",\"@id\":\"https:\\\/\\\/poderetesoro.com\\\/#website\",\"url\":\"https:\\\/\\\/poderetesoro.com\\\/\",\"name\":\"PODERE TESORO\",\"description\":\"Luxury Tuscan Villa\",\"publisher\":{\"@id\":\"https:\\\/\\\/poderetesoro.com\\\/#organization\"},\"potentialAction\":[{\"@type\":\"SearchAction\",\"target\":{\"@type\":\"EntryPoint\",\"urlTemplate\":\"https:\\\/\\\/poderetesoro.com\\\/?s={search_term_string}\"},\"query-input\":{\"@type\":\"PropertyValueSpecification\",\"valueRequired\":true,\"valueName\":\"search_term_string\"}}],\"inLanguage\":\"it-IT\"},{\"@type\":\"Organization\",\"@id\":\"https:\\\/\\\/poderetesoro.com\\\/#organization\",\"name\":\"PODERE TESORO\",\"url\":\"https:\\\/\\\/poderetesoro.com\\\/\",\"logo\":{\"@type\":\"ImageObject\",\"inLanguage\":\"it-IT\",\"@id\":\"https:\\\/\\\/poderetesoro.com\\\/#\\\/schema\\\/logo\\\/image\\\/\",\"url\":\"https:\\\/\\\/poderetesoro.com\\\/wp-content\\\/uploads\\\/2023\\\/12\\\/Podere-Tesoro-square-10.png\",\"contentUrl\":\"https:\\\/\\\/poderetesoro.com\\\/wp-content\\\/uploads\\\/2023\\\/12\\\/Podere-Tesoro-square-10.png\",\"width\":1755,\"height\":1755,\"caption\":\"PODERE TESORO\"},\"image\":{\"@id\":\"https:\\\/\\\/poderetesoro.com\\\/#\\\/schema\\\/logo\\\/image\\\/\"},\"sameAs\":[\"https:\\\/\\\/instagram.com\\\/weddings_tuscany_winery?igshid=OGQ5ZDc2ODk2ZA==\"]}]}<\/script>\n<!-- \/ Yoast SEO plugin. -->","yoast_head_json":{"title":"\"Brilliante\" Organic sparkling Ros\u00e9 - PODERE TESORO","description":"Discover \"Brilliante\" Organic sparkling Ros\u00e9, perfect for elevating your moments \u2014 created for celebration and sophistication.","robots":{"index":"index","follow":"follow","max-snippet":"max-snippet:-1","max-image-preview":"max-image-preview:large","max-video-preview":"max-video-preview:-1"},"canonical":"https:\/\/poderetesoro.com\/it\/prodotto\/brilliante-organic-sparkling-rose\/","og_locale":"it_IT","og_type":"article","og_title":"\"Brilliante\" Organic sparkling Ros\u00e9 - PODERE TESORO","og_description":"Discover \"Brilliante\" Organic sparkling Ros\u00e9, perfect for elevating your moments \u2014 created for celebration and sophistication.","og_url":"https:\/\/poderetesoro.com\/it\/prodotto\/brilliante-organic-sparkling-rose\/","og_site_name":"PODERE TESORO","article_modified_time":"2023-11-24T21:26:28+00:00","og_image":[{"width":1024,"height":1024,"url":"https:\/\/poderetesoro.com\/wp-content\/uploads\/2023\/01\/2-1024x1024.png","type":"image\/png"}],"twitter_card":"summary_large_image","twitter_misc":{"Tempo di lettura stimato":"2 minuti"},"schema":{"@context":"https:\/\/schema.org","@graph":[{"@type":"WebPage","@id":"https:\/\/poderetesoro.com\/product\/brilliante-organic-sparkling-rose\/","url":"https:\/\/poderetesoro.com\/product\/brilliante-organic-sparkling-rose\/","name":"\"Brilliante\" Organic sparkling Ros\u00e9 - PODERE TESORO","isPartOf":{"@id":"https:\/\/poderetesoro.com\/#website"},"primaryImageOfPage":{"@id":"https:\/\/poderetesoro.com\/product\/brilliante-organic-sparkling-rose\/#primaryimage"},"image":{"@id":"https:\/\/poderetesoro.com\/product\/brilliante-organic-sparkling-rose\/#primaryimage"},"thumbnailUrl":"https:\/\/poderetesoro.com\/wp-content\/uploads\/2023\/01\/2.png","datePublished":"2023-11-24T20:59:29+00:00","dateModified":"2023-11-24T21:26:28+00:00","description":"Discover \"Brilliante\" Organic sparkling Ros\u00e9, perfect for elevating your moments \u2014 created for celebration and sophistication.","breadcrumb":{"@id":"https:\/\/poderetesoro.com\/product\/brilliante-organic-sparkling-rose\/#breadcrumb"},"inLanguage":"it-IT","potentialAction":[{"@type":"ReadAction","target":["https:\/\/poderetesoro.com\/product\/brilliante-organic-sparkling-rose\/"]}]},{"@type":"ImageObject","inLanguage":"it-IT","@id":"https:\/\/poderetesoro.com\/product\/brilliante-organic-sparkling-rose\/#primaryimage","url":"https:\/\/poderetesoro.com\/wp-content\/uploads\/2023\/01\/2.png","contentUrl":"https:\/\/poderetesoro.com\/wp-content\/uploads\/2023\/01\/2.png","width":2835,"height":2835,"caption":"Tuscan Rose sparkling wine Brilliante | Tuscany | Vineyard | Organic wine"},{"@type":"BreadcrumbList","@id":"https:\/\/poderetesoro.com\/product\/brilliante-organic-sparkling-rose\/#breadcrumb","itemListElement":[{"@type":"ListItem","position":1,"name":"Home","item":"https:\/\/poderetesoro.com\/"},{"@type":"ListItem","position":2,"name":"Bio Shop","item":"https:\/\/poderetesoro.com\/bio-shop-podere-tesoro-products\/"},{"@type":"ListItem","position":3,"name":"&#8220;Brilliante&#8221; Organic sparkling Ros\u00e9"}]},{"@type":"WebSite","@id":"https:\/\/poderetesoro.com\/#website","url":"https:\/\/poderetesoro.com\/","name":"PODERE TESORO","description":"Luxury Tuscan Villa","publisher":{"@id":"https:\/\/poderetesoro.com\/#organization"},"potentialAction":[{"@type":"SearchAction","target":{"@type":"EntryPoint","urlTemplate":"https:\/\/poderetesoro.com\/?s={search_term_string}"},"query-input":{"@type":"PropertyValueSpecification","valueRequired":true,"valueName":"search_term_string"}}],"inLanguage":"it-IT"},{"@type":"Organization","@id":"https:\/\/poderetesoro.com\/#organization","name":"PODERE TESORO","url":"https:\/\/poderetesoro.com\/","logo":{"@type":"ImageObject","inLanguage":"it-IT","@id":"https:\/\/poderetesoro.com\/#\/schema\/logo\/image\/","url":"https:\/\/poderetesoro.com\/wp-content\/uploads\/2023\/12\/Podere-Tesoro-square-10.png","contentUrl":"https:\/\/poderetesoro.com\/wp-content\/uploads\/2023\/12\/Podere-Tesoro-square-10.png","width":1755,"height":1755,"caption":"PODERE TESORO"},"image":{"@id":"https:\/\/poderetesoro.com\/#\/schema\/logo\/image\/"},"sameAs":["https:\/\/instagram.com\/weddings_tuscany_winery?igshid=OGQ5ZDc2ODk2ZA=="]}]}},"_links":{"self":[{"href":"https:\/\/poderetesoro.com\/it\/wp-json\/wp\/v2\/product\/1638","targetHints":{"allow":["GET"]}}],"collection":[{"href":"https:\/\/poderetesoro.com\/it\/wp-json\/wp\/v2\/product"}],"about":[{"href":"https:\/\/poderetesoro.com\/it\/wp-json\/wp\/v2\/types\/product"}],"wp:featuredmedia":[{"embeddable":true,"href":"https:\/\/poderetesoro.com\/it\/wp-json\/wp\/v2\/media\/1636"}],"wp:attachment":[{"href":"https:\/\/poderetesoro.com\/it\/wp-json\/wp\/v2\/media?parent=1638"}],"wp:term":[{"taxonomy":"product_brand","embeddable":true,"href":"https:\/\/poderetesoro.com\/it\/wp-json\/wp\/v2\/product_brand?post=1638"},{"taxonomy":"product_cat","embeddable":true,"href":"https:\/\/poderetesoro.com\/it\/wp-json\/wp\/v2\/product_cat?post=1638"},{"taxonomy":"product_tag","embeddable":true,"href":"https:\/\/poderetesoro.com\/it\/wp-json\/wp\/v2\/product_tag?post=1638"}],"curies":[{"name":"wp","href":"https:\/\/api.w.org\/{rel}","templated":true}]}}