{"id":2739,"date":"2026-04-08T10:57:06","date_gmt":"2026-04-08T10:57:06","guid":{"rendered":"https:\/\/poderetesoro.com\/?post_type=product&#038;p=2739"},"modified":"2026-04-08T11:01:32","modified_gmt":"2026-04-08T11:01:32","slug":"oro-verde","status":"publish","type":"product","link":"https:\/\/poderetesoro.com\/it\/prodotto\/oro-verde\/","title":{"rendered":"Oro Verde"},"content":{"rendered":"<div class=\"x-el x-el-div c2-1 c2-2 c2-g c2-1t c2-1u c2-1v c2-1w c2-1x c2-1y c2-1z c2-3 c2-4 c2-20 c2-21 c2-22 c2-23 c2-5 c2-6 c2-7 c2-8\" data-ux=\"Grid\">\n<div class=\"x-el x-el-div c2-1 c2-2 c2-1t c2-24 c2-25 c2-55 c2-14 c2-28 c2-29 c2-2a c2-2b c2-3 c2-4 c2-7k c2-7l c2-2e c2-2f c2-2g c2-2h c2-5 c2-6 c2-7 c2-8\" data-ux=\"GridCell\">\n<div class=\"x-el x-el-div c2-1 c2-2 c2-3 c2-4 c2-5 c2-6 c2-7 c2-8\" data-ux=\"Block\">\n<div class=\"x-el c2-1 c2-2 c2-34 c2-35 c2-3o c2-1w c2-2s c2-3 c2-2y c2-4 c2-3e c2-5 c2-6 c2-7 c2-8 x-rt\" data-ux=\"Text\" data-aid=\"PRODUCT_DESCRIPTION_RENDERED\" data-typography=\"BodyAlpha\">\n<p><strong>&#8216;Oro Verde&#8217; Extra Virgin Olive oil\u00a0<\/strong><\/p>\n<p>Provate l'essenza della Toscana con il nostro Olio Extravergine di Oliva Biologico. Proveniente dai nostri oliveti baciati dal sole, vanta un gusto delicato e fresco e sottili note di mandorla. Perfetto per piatti mediterranei, insalate e dessert. Elevate le vostre creazioni culinarie con il nostro olio extravergine di oliva biologico.<\/p>\n<p><strong>Variet\u00e0 Piante:<\/strong> Frantoio, Leccino, Moraiolo e Pendolino. I nostri oliveti si trovano ad un\u2019altitudine ideale di circa 300 metri sul livello del mare, con ottima esposizione al sole.<\/p>\n<p><strong>Resa:<\/strong> 10-12% coltivazione in agricoltura biologica.<\/p>\n<p><strong>Spremitura:<\/strong> Prima spremitura con metodo a freddo<\/p>\n<p><strong>Acidit\u00e0:<\/strong> bassa acidit\u00e0 non superiore al 0,1%<\/p>\n<p><strong>Raccolta e lavorazione:<\/strong> La raccolta avviene inizio novembre quando le olive sono ben mature. Vengono raccolte manualmente, poste in piccole cassette e portate al frantoio per la spremitura nelle immediate 12-24 ore. Viene attuata solo una prima spremitura per trattenere il cuore delle olive.\nLa spremitura avviene con metodo a freddo (temperatura non superiore ai 27\u00b0). Alla spremitura si ottiene una quantit\u00e0 molto limitata olio di finissima qualit\u00e0 e genuinit\u00e0.<\/p>\n<p><strong>Caratteristiche:<\/strong> Colore verde pi\u00f9 intenso alla spremitura e successivamente tendente al giallo dorato. Gusto: Il sapore si presenta molto delicato, fresco, fruttato. Leggermente piccante da non aggredire il\npalato, rimane piuttosto leggero con sentori di mandorla.<\/p>\n<p><strong>Abbinamenti:<\/strong>\u00a0Il nostro Olio Extravergine di Oliva Biologico Perfetto per essere spruzzato sui classici della cucina mediterranea, brilla su insalate, zuppe, bruschette toscane e schiacciate fiorentine. \u00c8 una sana alternativa al burro nella preparazione dei dessert.<\/p>\n<p><strong>Conservazione:<\/strong> In ambiente fresco e asciutto, lontano da fonti di luce e calore.<\/p>\n<p><strong>Formati disponibili:<\/strong><\/p>\n<ul>\n<li>Lattina da 100 ml = 7,00 \u20ac (ideale per i viaggi in aereo)<\/li>\n<li>Bottiglia da 250 ml = 12,00 \u20ac<\/li>\n<li>Bottiglia da 500 ml = 18,00 \u20ac<\/li>\n<li>bottiglia da 750 ml = 25,00 \u20ac<\/li>\n<\/ul>\n<\/div>\n<\/div>\n<\/div>\n<\/div>\n<div class=\"x-el x-el-div c2-1 c2-2 c2-g c2-1t c2-1u c2-1v c2-1w c2-1x c2-1y c2-1z c2-3 c2-4 c2-20 c2-21 c2-22 c2-23 c2-5 c2-6 c2-7 c2-8\" data-ux=\"Grid\"><a href=\"https:\/\/www.instagram.com\/podere_tesoro\/\">Date un'occhiata al nostro Instagram!<\/a><\/div>","protected":false},"excerpt":{"rendered":"<p>Scopri l\u2019essenza di \u201cOro Verde\u201d, l\u2019oro verde della Toscana. Il nostro squisito olio d\u2019oliva, raccolto a mano con cura e spremuto a freddo, racchiude la pura essenza dei frutti della natura.\n\nEsalta le tue creazioni culinarie con la ricchezza della tradizione e l\u2019autenticit\u00e0 di \u201cOro Verde\u201d. Vivi il vero sapore della Toscana in ogni goccia del nostro Olio Extra Vergine di Oliva | Podere Tesoro.<\/p>","protected":false},"featured_media":2636,"template":"","meta":{"_coblocks_attr":"","_coblocks_dimensions":"","_coblocks_responsive_height":"","_coblocks_accordion_ie_support":"","_themeisle_gutenberg_block_has_review":false},"product_brand":[],"product_cat":[24],"product_tag":[],"class_list":{"0":"post-2739","1":"product","2":"type-product","3":"status-publish","4":"has-post-thumbnail","6":"product_cat-olio-extravergine","8":"first","9":"instock","10":"taxable","11":"shipping-taxable","12":"purchasable","13":"product-type-variable"},"yoast_head":"<!-- This site is optimized with the Yoast SEO plugin v27.4 - https:\/\/yoast.com\/product\/yoast-seo-wordpress\/ -->\n<title>Oro Verde - PODERE TESORO<\/title>\n<meta name=\"description\" content=\"From our sun-kissed olive groves, it boasts a delicate, fresh taste and subtle almond notes. Perfect for Mediterranean dishes, salads, and desserts...\" \/>\n<meta name=\"robots\" content=\"index, follow, max-snippet:-1, max-image-preview:large, max-video-preview:-1\" \/>\n<link rel=\"canonical\" href=\"https:\/\/poderetesoro.com\/it\/prodotto\/oro-verde\/\" \/>\n<meta property=\"og:locale\" content=\"it_IT\" \/>\n<meta property=\"og:type\" content=\"article\" \/>\n<meta property=\"og:title\" content=\"Oro Verde - PODERE TESORO\" \/>\n<meta property=\"og:description\" content=\"From our sun-kissed olive groves, it boasts a delicate, fresh taste and subtle almond notes. Perfect for Mediterranean dishes, salads, and desserts...\" \/>\n<meta property=\"og:url\" content=\"https:\/\/poderetesoro.com\/it\/prodotto\/oro-verde\/\" \/>\n<meta property=\"og:site_name\" content=\"PODERE TESORO\" \/>\n<meta property=\"article:modified_time\" content=\"2026-04-08T11:01:32+00:00\" \/>\n<meta property=\"og:image\" content=\"https:\/\/poderetesoro.com\/wp-content\/uploads\/2026\/02\/738A8615-scaled.jpg\" \/>\n\t<meta property=\"og:image:width\" content=\"1707\" \/>\n\t<meta property=\"og:image:height\" content=\"2560\" \/>\n\t<meta property=\"og:image:type\" content=\"image\/jpeg\" \/>\n<meta name=\"twitter:card\" content=\"summary_large_image\" \/>\n<meta name=\"twitter:label1\" content=\"Tempo di lettura stimato\" \/>\n\t<meta name=\"twitter:data1\" content=\"2 minuti\" \/>\n<script type=\"application\/ld+json\" class=\"yoast-schema-graph\">{\"@context\":\"https:\\\/\\\/schema.org\",\"@graph\":[{\"@type\":\"WebPage\",\"@id\":\"https:\\\/\\\/poderetesoro.com\\\/product\\\/oro-verde\\\/\",\"url\":\"https:\\\/\\\/poderetesoro.com\\\/product\\\/oro-verde\\\/\",\"name\":\"Oro Verde - PODERE TESORO\",\"isPartOf\":{\"@id\":\"https:\\\/\\\/poderetesoro.com\\\/#website\"},\"primaryImageOfPage\":{\"@id\":\"https:\\\/\\\/poderetesoro.com\\\/product\\\/oro-verde\\\/#primaryimage\"},\"image\":{\"@id\":\"https:\\\/\\\/poderetesoro.com\\\/product\\\/oro-verde\\\/#primaryimage\"},\"thumbnailUrl\":\"https:\\\/\\\/poderetesoro.com\\\/wp-content\\\/uploads\\\/2026\\\/02\\\/738A8615-scaled.jpg\",\"datePublished\":\"2026-04-08T10:57:06+00:00\",\"dateModified\":\"2026-04-08T11:01:32+00:00\",\"description\":\"From our sun-kissed olive groves, it boasts a delicate, fresh taste and subtle almond notes. Perfect for Mediterranean dishes, salads, and desserts...\",\"breadcrumb\":{\"@id\":\"https:\\\/\\\/poderetesoro.com\\\/product\\\/oro-verde\\\/#breadcrumb\"},\"inLanguage\":\"it-IT\",\"potentialAction\":[{\"@type\":\"ReadAction\",\"target\":[\"https:\\\/\\\/poderetesoro.com\\\/product\\\/oro-verde\\\/\"]}]},{\"@type\":\"ImageObject\",\"inLanguage\":\"it-IT\",\"@id\":\"https:\\\/\\\/poderetesoro.com\\\/product\\\/oro-verde\\\/#primaryimage\",\"url\":\"https:\\\/\\\/poderetesoro.com\\\/wp-content\\\/uploads\\\/2026\\\/02\\\/738A8615-scaled.jpg\",\"contentUrl\":\"https:\\\/\\\/poderetesoro.com\\\/wp-content\\\/uploads\\\/2026\\\/02\\\/738A8615-scaled.jpg\",\"width\":1707,\"height\":2560},{\"@type\":\"BreadcrumbList\",\"@id\":\"https:\\\/\\\/poderetesoro.com\\\/product\\\/oro-verde\\\/#breadcrumb\",\"itemListElement\":[{\"@type\":\"ListItem\",\"position\":1,\"name\":\"Home\",\"item\":\"https:\\\/\\\/poderetesoro.com\\\/\"},{\"@type\":\"ListItem\",\"position\":2,\"name\":\"Bio Shop\",\"item\":\"https:\\\/\\\/poderetesoro.com\\\/bio-shop-podere-tesoro-products\\\/\"},{\"@type\":\"ListItem\",\"position\":3,\"name\":\"Oro Verde\"}]},{\"@type\":\"WebSite\",\"@id\":\"https:\\\/\\\/poderetesoro.com\\\/#website\",\"url\":\"https:\\\/\\\/poderetesoro.com\\\/\",\"name\":\"PODERE TESORO\",\"description\":\"Luxury Tuscan Villa\",\"publisher\":{\"@id\":\"https:\\\/\\\/poderetesoro.com\\\/#organization\"},\"potentialAction\":[{\"@type\":\"SearchAction\",\"target\":{\"@type\":\"EntryPoint\",\"urlTemplate\":\"https:\\\/\\\/poderetesoro.com\\\/?s={search_term_string}\"},\"query-input\":{\"@type\":\"PropertyValueSpecification\",\"valueRequired\":true,\"valueName\":\"search_term_string\"}}],\"inLanguage\":\"it-IT\"},{\"@type\":\"Organization\",\"@id\":\"https:\\\/\\\/poderetesoro.com\\\/#organization\",\"name\":\"PODERE TESORO\",\"url\":\"https:\\\/\\\/poderetesoro.com\\\/\",\"logo\":{\"@type\":\"ImageObject\",\"inLanguage\":\"it-IT\",\"@id\":\"https:\\\/\\\/poderetesoro.com\\\/#\\\/schema\\\/logo\\\/image\\\/\",\"url\":\"https:\\\/\\\/poderetesoro.com\\\/wp-content\\\/uploads\\\/2023\\\/12\\\/Podere-Tesoro-square-10.png\",\"contentUrl\":\"https:\\\/\\\/poderetesoro.com\\\/wp-content\\\/uploads\\\/2023\\\/12\\\/Podere-Tesoro-square-10.png\",\"width\":1755,\"height\":1755,\"caption\":\"PODERE TESORO\"},\"image\":{\"@id\":\"https:\\\/\\\/poderetesoro.com\\\/#\\\/schema\\\/logo\\\/image\\\/\"},\"sameAs\":[\"https:\\\/\\\/instagram.com\\\/weddings_tuscany_winery?igshid=OGQ5ZDc2ODk2ZA==\"]}]}<\/script>\n<!-- \/ Yoast SEO plugin. -->","yoast_head_json":{"title":"Oro Verde - PODERE TESORO","description":"From our sun-kissed olive groves, it boasts a delicate, fresh taste and subtle almond notes. Perfect for Mediterranean dishes, salads, and desserts...","robots":{"index":"index","follow":"follow","max-snippet":"max-snippet:-1","max-image-preview":"max-image-preview:large","max-video-preview":"max-video-preview:-1"},"canonical":"https:\/\/poderetesoro.com\/it\/prodotto\/oro-verde\/","og_locale":"it_IT","og_type":"article","og_title":"Oro Verde - PODERE TESORO","og_description":"From our sun-kissed olive groves, it boasts a delicate, fresh taste and subtle almond notes. Perfect for Mediterranean dishes, salads, and desserts...","og_url":"https:\/\/poderetesoro.com\/it\/prodotto\/oro-verde\/","og_site_name":"PODERE TESORO","article_modified_time":"2026-04-08T11:01:32+00:00","og_image":[{"width":1707,"height":2560,"url":"https:\/\/poderetesoro.com\/wp-content\/uploads\/2026\/02\/738A8615-scaled.jpg","type":"image\/jpeg"}],"twitter_card":"summary_large_image","twitter_misc":{"Tempo di lettura stimato":"2 minuti"},"schema":{"@context":"https:\/\/schema.org","@graph":[{"@type":"WebPage","@id":"https:\/\/poderetesoro.com\/product\/oro-verde\/","url":"https:\/\/poderetesoro.com\/product\/oro-verde\/","name":"Oro Verde - PODERE TESORO","isPartOf":{"@id":"https:\/\/poderetesoro.com\/#website"},"primaryImageOfPage":{"@id":"https:\/\/poderetesoro.com\/product\/oro-verde\/#primaryimage"},"image":{"@id":"https:\/\/poderetesoro.com\/product\/oro-verde\/#primaryimage"},"thumbnailUrl":"https:\/\/poderetesoro.com\/wp-content\/uploads\/2026\/02\/738A8615-scaled.jpg","datePublished":"2026-04-08T10:57:06+00:00","dateModified":"2026-04-08T11:01:32+00:00","description":"From our sun-kissed olive groves, it boasts a delicate, fresh taste and subtle almond notes. Perfect for Mediterranean dishes, salads, and desserts...","breadcrumb":{"@id":"https:\/\/poderetesoro.com\/product\/oro-verde\/#breadcrumb"},"inLanguage":"it-IT","potentialAction":[{"@type":"ReadAction","target":["https:\/\/poderetesoro.com\/product\/oro-verde\/"]}]},{"@type":"ImageObject","inLanguage":"it-IT","@id":"https:\/\/poderetesoro.com\/product\/oro-verde\/#primaryimage","url":"https:\/\/poderetesoro.com\/wp-content\/uploads\/2026\/02\/738A8615-scaled.jpg","contentUrl":"https:\/\/poderetesoro.com\/wp-content\/uploads\/2026\/02\/738A8615-scaled.jpg","width":1707,"height":2560},{"@type":"BreadcrumbList","@id":"https:\/\/poderetesoro.com\/product\/oro-verde\/#breadcrumb","itemListElement":[{"@type":"ListItem","position":1,"name":"Home","item":"https:\/\/poderetesoro.com\/"},{"@type":"ListItem","position":2,"name":"Bio Shop","item":"https:\/\/poderetesoro.com\/bio-shop-podere-tesoro-products\/"},{"@type":"ListItem","position":3,"name":"Oro Verde"}]},{"@type":"WebSite","@id":"https:\/\/poderetesoro.com\/#website","url":"https:\/\/poderetesoro.com\/","name":"PODERE TESORO","description":"Luxury Tuscan Villa","publisher":{"@id":"https:\/\/poderetesoro.com\/#organization"},"potentialAction":[{"@type":"SearchAction","target":{"@type":"EntryPoint","urlTemplate":"https:\/\/poderetesoro.com\/?s={search_term_string}"},"query-input":{"@type":"PropertyValueSpecification","valueRequired":true,"valueName":"search_term_string"}}],"inLanguage":"it-IT"},{"@type":"Organization","@id":"https:\/\/poderetesoro.com\/#organization","name":"PODERE TESORO","url":"https:\/\/poderetesoro.com\/","logo":{"@type":"ImageObject","inLanguage":"it-IT","@id":"https:\/\/poderetesoro.com\/#\/schema\/logo\/image\/","url":"https:\/\/poderetesoro.com\/wp-content\/uploads\/2023\/12\/Podere-Tesoro-square-10.png","contentUrl":"https:\/\/poderetesoro.com\/wp-content\/uploads\/2023\/12\/Podere-Tesoro-square-10.png","width":1755,"height":1755,"caption":"PODERE TESORO"},"image":{"@id":"https:\/\/poderetesoro.com\/#\/schema\/logo\/image\/"},"sameAs":["https:\/\/instagram.com\/weddings_tuscany_winery?igshid=OGQ5ZDc2ODk2ZA=="]}]}},"_links":{"self":[{"href":"https:\/\/poderetesoro.com\/it\/wp-json\/wp\/v2\/product\/2739","targetHints":{"allow":["GET"]}}],"collection":[{"href":"https:\/\/poderetesoro.com\/it\/wp-json\/wp\/v2\/product"}],"about":[{"href":"https:\/\/poderetesoro.com\/it\/wp-json\/wp\/v2\/types\/product"}],"wp:featuredmedia":[{"embeddable":true,"href":"https:\/\/poderetesoro.com\/it\/wp-json\/wp\/v2\/media\/2636"}],"wp:attachment":[{"href":"https:\/\/poderetesoro.com\/it\/wp-json\/wp\/v2\/media?parent=2739"}],"wp:term":[{"taxonomy":"product_brand","embeddable":true,"href":"https:\/\/poderetesoro.com\/it\/wp-json\/wp\/v2\/product_brand?post=2739"},{"taxonomy":"product_cat","embeddable":true,"href":"https:\/\/poderetesoro.com\/it\/wp-json\/wp\/v2\/product_cat?post=2739"},{"taxonomy":"product_tag","embeddable":true,"href":"https:\/\/poderetesoro.com\/it\/wp-json\/wp\/v2\/product_tag?post=2739"}],"curies":[{"name":"wp","href":"https:\/\/api.w.org\/{rel}","templated":true}]}}