{"id":344,"date":"2023-01-25T13:31:07","date_gmt":"2023-01-25T13:31:07","guid":{"rendered":"https:\/\/poderetesoro.com\/?post_type=product&#038;p=344"},"modified":"2024-11-28T13:08:36","modified_gmt":"2024-11-28T13:08:36","slug":"extra-virgin-olive-oil-500ml-bottle-podere-tesoro","status":"publish","type":"product","link":"https:\/\/poderetesoro.com\/it\/prodotto\/extra-virgin-olive-oil-500ml-bottle-podere-tesoro\/","title":{"rendered":"&#8216;Oro Verde&#8217; Extra Virgin Olive oil | 500ml bottle | Podere Tesoro"},"content":{"rendered":"<p><img fetchpriority=\"high\" decoding=\"async\" class=\"wp-image-1633 size-medium alignleft\" src=\"https:\/\/poderetesoro.com\/wp-content\/uploads\/2023\/01\/3-300x300.png\" alt=\"Oro Verde | Podere tesoro | Extra Virgin Olive Oil | Organic | Tuscan products | Wedding venue tuscany\" width=\"300\" height=\"300\" srcset=\"https:\/\/poderetesoro.com\/wp-content\/uploads\/2023\/01\/3-300x300.png 300w, https:\/\/poderetesoro.com\/wp-content\/uploads\/2023\/01\/3-1024x1024.png 1024w, https:\/\/poderetesoro.com\/wp-content\/uploads\/2023\/01\/3-150x150.png 150w, https:\/\/poderetesoro.com\/wp-content\/uploads\/2023\/01\/3-2000x2000.png 2000w, https:\/\/poderetesoro.com\/wp-content\/uploads\/2023\/01\/3-1536x1536.png 1536w, https:\/\/poderetesoro.com\/wp-content\/uploads\/2023\/01\/3-2048x2048.png 2048w, https:\/\/poderetesoro.com\/wp-content\/uploads\/2023\/01\/3-600x600.png 600w, https:\/\/poderetesoro.com\/wp-content\/uploads\/2023\/01\/3-100x100.png 100w, https:\/\/poderetesoro.com\/wp-content\/uploads\/2023\/01\/3-12x12.png 12w\" sizes=\"(max-width: 300px) 100vw, 300px\" \/><\/p>\n<p>&nbsp;<\/p>\n<div class=\"x-el x-el-div c2-1 c2-2 c2-g c2-1t c2-1u c2-1v c2-1w c2-1x c2-1y c2-1z c2-3 c2-4 c2-20 c2-21 c2-22 c2-23 c2-5 c2-6 c2-7 c2-8\" data-ux=\"Grid\">\n<div class=\"x-el x-el-div c2-1 c2-2 c2-1t c2-24 c2-25 c2-55 c2-14 c2-28 c2-29 c2-2a c2-2b c2-3 c2-4 c2-7k c2-7l c2-2e c2-2f c2-2g c2-2h c2-5 c2-6 c2-7 c2-8\" data-ux=\"GridCell\">\n<div class=\"x-el x-el-div c2-1 c2-2 c2-3 c2-4 c2-5 c2-6 c2-7 c2-8\" data-ux=\"Block\">\n<div class=\"x-el c2-1 c2-2 c2-34 c2-35 c2-3o c2-1w c2-2s c2-3 c2-2y c2-4 c2-3e c2-5 c2-6 c2-7 c2-8 x-rt\" data-ux=\"Text\" data-aid=\"PRODUCT_DESCRIPTION_RENDERED\" data-typography=\"BodyAlpha\">\n<p><strong>&#8216;Oro Verde&#8217; Extra Virgin Olive oil | 500ml bottle | Podere Tesoro<\/strong><\/p>\n<p>Provate l'essenza della Toscana con il nostro Olio Extravergine di Oliva Biologico. Proveniente dai nostri oliveti baciati dal sole, vanta un gusto delicato e fresco e sottili note di mandorla. Perfetto per piatti mediterranei, insalate e dessert. Elevate le vostre creazioni culinarie con il nostro olio extravergine di oliva biologico.<\/p>\n<p><strong>Variet\u00e0 Piante:<\/strong> Frantoio, Leccino, Moraiolo e Pendolino. I nostri oliveti si trovano ad un\u2019altitudine ideale di circa 300 metri sul livello del mare, con ottima esposizione al sole.<\/p>\n<p><strong>Resa:<\/strong> 10-12% coltivazione in agricoltura biologica.<\/p>\n<p><strong>Spremitura:<\/strong> Prima spremitura con metodo a freddo<\/p>\n<p><strong>Acidit\u00e0:<\/strong> bassa acidit\u00e0 non superiore al 0,1%<\/p>\n<p><strong>Raccolta e lavorazione:<\/strong> La raccolta avviene inizio novembre quando le olive sono ben mature. Vengono raccolte manualmente, poste in piccole cassette e portate al frantoio per la spremitura nelle immediate 12-24 ore. Viene attuata solo una prima spremitura per trattenere il cuore delle olive.\nLa spremitura avviene con metodo a freddo (temperatura non superiore ai 27\u00b0). Alla spremitura si ottiene una quantit\u00e0 molto limitata olio di finissima qualit\u00e0 e genuinit\u00e0.<\/p>\n<p><strong>Caratteristiche:<\/strong> Colore verde pi\u00f9 intenso alla spremitura e successivamente tendente al giallo dorato. Gusto: Il sapore si presenta molto delicato, fresco, fruttato. Leggermente piccante da non aggredire il\npalato, rimane piuttosto leggero con sentori di mandorla.<\/p>\n<p><strong>Abbinamenti:<\/strong>\u00a0Il nostro Olio Extravergine di Oliva Biologico Perfetto per essere spruzzato sui classici della cucina mediterranea, brilla su insalate, zuppe, bruschette toscane e schiacciate fiorentine. \u00c8 una sana alternativa al burro nella preparazione dei dessert.<\/p>\n<p><strong>Conservazione:<\/strong> In ambiente fresco e asciutto, lontano da fonti di luce e calore.<\/p>\n<p><strong>Formati disponibili:<\/strong><\/p>\n<ul>\n<li>Lattina da 100 ml = 7,00 \u20ac (ideale per i viaggi in aereo)<\/li>\n<li>Bottiglia da 250 ml = 12,00 \u20ac<\/li>\n<li>Bottiglia da 500 ml = 18,00 \u20ac<\/li>\n<li>bottiglia da 750 ml = 25,00 \u20ac<\/li>\n<\/ul>\n<\/div>\n<\/div>\n<\/div>\n<\/div>\n<div class=\"x-el x-el-div c2-1 c2-2 c2-g c2-1t c2-1u c2-1v c2-1w c2-1x c2-1y c2-1z c2-3 c2-4 c2-20 c2-21 c2-22 c2-23 c2-5 c2-6 c2-7 c2-8\" data-ux=\"Grid\"><a href=\"https:\/\/www.instagram.com\/podere_tesoro\/\">Date un'occhiata al nostro Instagram!<\/a><\/div>","protected":false},"excerpt":{"rendered":"<p>Perfetto per l'uso a crudo come condimento nella cucina mediterranea, esalta insalate, zuppe, bruschette toscane e schiacciate fiorentine. \u00c8 anche un sano sostituto del burro in cucina e al forno.<\/p>","protected":false},"featured_media":1639,"template":"","meta":{"_coblocks_attr":"","_coblocks_dimensions":"","_coblocks_responsive_height":"","_coblocks_accordion_ie_support":"","_themeisle_gutenberg_block_has_review":false},"product_brand":[],"product_cat":[24],"product_tag":[],"class_list":{"0":"post-344","1":"product","2":"type-product","3":"status-publish","4":"has-post-thumbnail","6":"product_cat-olio-extravergine","7":"product_shipping_class-usa-12-bottles","9":"first","10":"instock","11":"taxable","12":"shipping-taxable","13":"purchasable","14":"product-type-simple"},"yoast_head":"<!-- This site is optimized with the Yoast SEO plugin v27.4 - https:\/\/yoast.com\/product\/yoast-seo-wordpress\/ -->\n<title>&#039;Oro Verde&#039; Extra Virgin Olive oil | 500ml bottle | Podere Tesoro - PODERE TESORO<\/title>\n<meta name=\"description\" content=\"Discover \u2018Oro Verde\u2019, our hand-picked, cold-pressed organic extra virgin olive oil. Elevate your culinary creations with our organic extra virgin olive oil.\" \/>\n<meta name=\"robots\" content=\"index, follow, max-snippet:-1, max-image-preview:large, max-video-preview:-1\" \/>\n<link rel=\"canonical\" href=\"https:\/\/poderetesoro.com\/it\/prodotto\/extra-virgin-olive-oil-500ml-bottle-podere-tesoro\/\" \/>\n<meta property=\"og:locale\" content=\"it_IT\" \/>\n<meta property=\"og:type\" content=\"article\" \/>\n<meta property=\"og:title\" content=\"&#039;Oro Verde&#039; Extra Virgin Olive oil | 500ml bottle | Podere Tesoro - PODERE TESORO\" \/>\n<meta property=\"og:description\" content=\"Discover \u2018Oro Verde\u2019, our hand-picked, cold-pressed organic extra virgin olive oil. Elevate your culinary creations with our organic extra virgin olive oil.\" \/>\n<meta property=\"og:url\" content=\"https:\/\/poderetesoro.com\/it\/prodotto\/extra-virgin-olive-oil-500ml-bottle-podere-tesoro\/\" \/>\n<meta property=\"og:site_name\" content=\"PODERE TESORO\" \/>\n<meta property=\"article:modified_time\" content=\"2024-11-28T13:08:36+00:00\" \/>\n<meta property=\"og:image\" content=\"https:\/\/poderetesoro.com\/wp-content\/uploads\/2023\/01\/4-1024x1024.png\" \/>\n\t<meta property=\"og:image:width\" content=\"1024\" \/>\n\t<meta property=\"og:image:height\" content=\"1024\" \/>\n\t<meta property=\"og:image:type\" content=\"image\/png\" \/>\n<meta name=\"twitter:card\" content=\"summary_large_image\" \/>\n<meta name=\"twitter:label1\" content=\"Tempo di lettura stimato\" \/>\n\t<meta name=\"twitter:data1\" content=\"2 minuti\" \/>\n<script type=\"application\/ld+json\" class=\"yoast-schema-graph\">{\"@context\":\"https:\\\/\\\/schema.org\",\"@graph\":[{\"@type\":\"WebPage\",\"@id\":\"https:\\\/\\\/poderetesoro.com\\\/product\\\/extra-virgin-olive-oil-500ml-bottle-podere-tesoro\\\/\",\"url\":\"https:\\\/\\\/poderetesoro.com\\\/product\\\/extra-virgin-olive-oil-500ml-bottle-podere-tesoro\\\/\",\"name\":\"'Oro Verde' Extra Virgin Olive oil | 500ml bottle | Podere Tesoro - PODERE TESORO\",\"isPartOf\":{\"@id\":\"https:\\\/\\\/poderetesoro.com\\\/#website\"},\"primaryImageOfPage\":{\"@id\":\"https:\\\/\\\/poderetesoro.com\\\/product\\\/extra-virgin-olive-oil-500ml-bottle-podere-tesoro\\\/#primaryimage\"},\"image\":{\"@id\":\"https:\\\/\\\/poderetesoro.com\\\/product\\\/extra-virgin-olive-oil-500ml-bottle-podere-tesoro\\\/#primaryimage\"},\"thumbnailUrl\":\"https:\\\/\\\/poderetesoro.com\\\/wp-content\\\/uploads\\\/2023\\\/01\\\/4.png\",\"datePublished\":\"2023-01-25T13:31:07+00:00\",\"dateModified\":\"2024-11-28T13:08:36+00:00\",\"description\":\"Discover \u2018Oro Verde\u2019, our hand-picked, cold-pressed organic extra virgin olive oil. Elevate your culinary creations with our organic extra virgin olive oil.\",\"breadcrumb\":{\"@id\":\"https:\\\/\\\/poderetesoro.com\\\/product\\\/extra-virgin-olive-oil-500ml-bottle-podere-tesoro\\\/#breadcrumb\"},\"inLanguage\":\"it-IT\",\"potentialAction\":[{\"@type\":\"ReadAction\",\"target\":[\"https:\\\/\\\/poderetesoro.com\\\/product\\\/extra-virgin-olive-oil-500ml-bottle-podere-tesoro\\\/\"]}]},{\"@type\":\"ImageObject\",\"inLanguage\":\"it-IT\",\"@id\":\"https:\\\/\\\/poderetesoro.com\\\/product\\\/extra-virgin-olive-oil-500ml-bottle-podere-tesoro\\\/#primaryimage\",\"url\":\"https:\\\/\\\/poderetesoro.com\\\/wp-content\\\/uploads\\\/2023\\\/01\\\/4.png\",\"contentUrl\":\"https:\\\/\\\/poderetesoro.com\\\/wp-content\\\/uploads\\\/2023\\\/01\\\/4.png\",\"width\":2835,\"height\":2835,\"caption\":\"Oro Verde | organic extra virgin olive oil | Podere Tesoro\"},{\"@type\":\"BreadcrumbList\",\"@id\":\"https:\\\/\\\/poderetesoro.com\\\/product\\\/extra-virgin-olive-oil-500ml-bottle-podere-tesoro\\\/#breadcrumb\",\"itemListElement\":[{\"@type\":\"ListItem\",\"position\":1,\"name\":\"Home\",\"item\":\"https:\\\/\\\/poderetesoro.com\\\/\"},{\"@type\":\"ListItem\",\"position\":2,\"name\":\"Bio Shop\",\"item\":\"https:\\\/\\\/poderetesoro.com\\\/bio-shop-podere-tesoro-products\\\/\"},{\"@type\":\"ListItem\",\"position\":3,\"name\":\"&#8216;Oro Verde&#8217; Extra Virgin Olive oil | 500ml bottle | Podere Tesoro\"}]},{\"@type\":\"WebSite\",\"@id\":\"https:\\\/\\\/poderetesoro.com\\\/#website\",\"url\":\"https:\\\/\\\/poderetesoro.com\\\/\",\"name\":\"PODERE TESORO\",\"description\":\"Luxury Tuscan Villa\",\"publisher\":{\"@id\":\"https:\\\/\\\/poderetesoro.com\\\/#organization\"},\"potentialAction\":[{\"@type\":\"SearchAction\",\"target\":{\"@type\":\"EntryPoint\",\"urlTemplate\":\"https:\\\/\\\/poderetesoro.com\\\/?s={search_term_string}\"},\"query-input\":{\"@type\":\"PropertyValueSpecification\",\"valueRequired\":true,\"valueName\":\"search_term_string\"}}],\"inLanguage\":\"it-IT\"},{\"@type\":\"Organization\",\"@id\":\"https:\\\/\\\/poderetesoro.com\\\/#organization\",\"name\":\"PODERE TESORO\",\"url\":\"https:\\\/\\\/poderetesoro.com\\\/\",\"logo\":{\"@type\":\"ImageObject\",\"inLanguage\":\"it-IT\",\"@id\":\"https:\\\/\\\/poderetesoro.com\\\/#\\\/schema\\\/logo\\\/image\\\/\",\"url\":\"https:\\\/\\\/poderetesoro.com\\\/wp-content\\\/uploads\\\/2023\\\/12\\\/Podere-Tesoro-square-10.png\",\"contentUrl\":\"https:\\\/\\\/poderetesoro.com\\\/wp-content\\\/uploads\\\/2023\\\/12\\\/Podere-Tesoro-square-10.png\",\"width\":1755,\"height\":1755,\"caption\":\"PODERE TESORO\"},\"image\":{\"@id\":\"https:\\\/\\\/poderetesoro.com\\\/#\\\/schema\\\/logo\\\/image\\\/\"},\"sameAs\":[\"https:\\\/\\\/instagram.com\\\/weddings_tuscany_winery?igshid=OGQ5ZDc2ODk2ZA==\"]}]}<\/script>\n<!-- \/ Yoast SEO plugin. -->","yoast_head_json":{"title":"'Oro Verde' Extra Virgin Olive oil | 500ml bottle | Podere Tesoro - PODERE TESORO","description":"Discover \u2018Oro Verde\u2019, our hand-picked, cold-pressed organic extra virgin olive oil. Elevate your culinary creations with our organic extra virgin olive oil.","robots":{"index":"index","follow":"follow","max-snippet":"max-snippet:-1","max-image-preview":"max-image-preview:large","max-video-preview":"max-video-preview:-1"},"canonical":"https:\/\/poderetesoro.com\/it\/prodotto\/extra-virgin-olive-oil-500ml-bottle-podere-tesoro\/","og_locale":"it_IT","og_type":"article","og_title":"'Oro Verde' Extra Virgin Olive oil | 500ml bottle | Podere Tesoro - PODERE TESORO","og_description":"Discover \u2018Oro Verde\u2019, our hand-picked, cold-pressed organic extra virgin olive oil. Elevate your culinary creations with our organic extra virgin olive oil.","og_url":"https:\/\/poderetesoro.com\/it\/prodotto\/extra-virgin-olive-oil-500ml-bottle-podere-tesoro\/","og_site_name":"PODERE TESORO","article_modified_time":"2024-11-28T13:08:36+00:00","og_image":[{"width":1024,"height":1024,"url":"https:\/\/poderetesoro.com\/wp-content\/uploads\/2023\/01\/4-1024x1024.png","type":"image\/png"}],"twitter_card":"summary_large_image","twitter_misc":{"Tempo di lettura stimato":"2 minuti"},"schema":{"@context":"https:\/\/schema.org","@graph":[{"@type":"WebPage","@id":"https:\/\/poderetesoro.com\/product\/extra-virgin-olive-oil-500ml-bottle-podere-tesoro\/","url":"https:\/\/poderetesoro.com\/product\/extra-virgin-olive-oil-500ml-bottle-podere-tesoro\/","name":"'Oro Verde' Extra Virgin Olive oil | 500ml bottle | Podere Tesoro - PODERE TESORO","isPartOf":{"@id":"https:\/\/poderetesoro.com\/#website"},"primaryImageOfPage":{"@id":"https:\/\/poderetesoro.com\/product\/extra-virgin-olive-oil-500ml-bottle-podere-tesoro\/#primaryimage"},"image":{"@id":"https:\/\/poderetesoro.com\/product\/extra-virgin-olive-oil-500ml-bottle-podere-tesoro\/#primaryimage"},"thumbnailUrl":"https:\/\/poderetesoro.com\/wp-content\/uploads\/2023\/01\/4.png","datePublished":"2023-01-25T13:31:07+00:00","dateModified":"2024-11-28T13:08:36+00:00","description":"Discover \u2018Oro Verde\u2019, our hand-picked, cold-pressed organic extra virgin olive oil. Elevate your culinary creations with our organic extra virgin olive oil.","breadcrumb":{"@id":"https:\/\/poderetesoro.com\/product\/extra-virgin-olive-oil-500ml-bottle-podere-tesoro\/#breadcrumb"},"inLanguage":"it-IT","potentialAction":[{"@type":"ReadAction","target":["https:\/\/poderetesoro.com\/product\/extra-virgin-olive-oil-500ml-bottle-podere-tesoro\/"]}]},{"@type":"ImageObject","inLanguage":"it-IT","@id":"https:\/\/poderetesoro.com\/product\/extra-virgin-olive-oil-500ml-bottle-podere-tesoro\/#primaryimage","url":"https:\/\/poderetesoro.com\/wp-content\/uploads\/2023\/01\/4.png","contentUrl":"https:\/\/poderetesoro.com\/wp-content\/uploads\/2023\/01\/4.png","width":2835,"height":2835,"caption":"Oro Verde | organic extra virgin olive oil | Podere Tesoro"},{"@type":"BreadcrumbList","@id":"https:\/\/poderetesoro.com\/product\/extra-virgin-olive-oil-500ml-bottle-podere-tesoro\/#breadcrumb","itemListElement":[{"@type":"ListItem","position":1,"name":"Home","item":"https:\/\/poderetesoro.com\/"},{"@type":"ListItem","position":2,"name":"Bio Shop","item":"https:\/\/poderetesoro.com\/bio-shop-podere-tesoro-products\/"},{"@type":"ListItem","position":3,"name":"&#8216;Oro Verde&#8217; Extra Virgin Olive oil | 500ml bottle | Podere Tesoro"}]},{"@type":"WebSite","@id":"https:\/\/poderetesoro.com\/#website","url":"https:\/\/poderetesoro.com\/","name":"PODERE TESORO","description":"Luxury Tuscan Villa","publisher":{"@id":"https:\/\/poderetesoro.com\/#organization"},"potentialAction":[{"@type":"SearchAction","target":{"@type":"EntryPoint","urlTemplate":"https:\/\/poderetesoro.com\/?s={search_term_string}"},"query-input":{"@type":"PropertyValueSpecification","valueRequired":true,"valueName":"search_term_string"}}],"inLanguage":"it-IT"},{"@type":"Organization","@id":"https:\/\/poderetesoro.com\/#organization","name":"PODERE TESORO","url":"https:\/\/poderetesoro.com\/","logo":{"@type":"ImageObject","inLanguage":"it-IT","@id":"https:\/\/poderetesoro.com\/#\/schema\/logo\/image\/","url":"https:\/\/poderetesoro.com\/wp-content\/uploads\/2023\/12\/Podere-Tesoro-square-10.png","contentUrl":"https:\/\/poderetesoro.com\/wp-content\/uploads\/2023\/12\/Podere-Tesoro-square-10.png","width":1755,"height":1755,"caption":"PODERE TESORO"},"image":{"@id":"https:\/\/poderetesoro.com\/#\/schema\/logo\/image\/"},"sameAs":["https:\/\/instagram.com\/weddings_tuscany_winery?igshid=OGQ5ZDc2ODk2ZA=="]}]}},"_links":{"self":[{"href":"https:\/\/poderetesoro.com\/it\/wp-json\/wp\/v2\/product\/344","targetHints":{"allow":["GET"]}}],"collection":[{"href":"https:\/\/poderetesoro.com\/it\/wp-json\/wp\/v2\/product"}],"about":[{"href":"https:\/\/poderetesoro.com\/it\/wp-json\/wp\/v2\/types\/product"}],"wp:featuredmedia":[{"embeddable":true,"href":"https:\/\/poderetesoro.com\/it\/wp-json\/wp\/v2\/media\/1639"}],"wp:attachment":[{"href":"https:\/\/poderetesoro.com\/it\/wp-json\/wp\/v2\/media?parent=344"}],"wp:term":[{"taxonomy":"product_brand","embeddable":true,"href":"https:\/\/poderetesoro.com\/it\/wp-json\/wp\/v2\/product_brand?post=344"},{"taxonomy":"product_cat","embeddable":true,"href":"https:\/\/poderetesoro.com\/it\/wp-json\/wp\/v2\/product_cat?post=344"},{"taxonomy":"product_tag","embeddable":true,"href":"https:\/\/poderetesoro.com\/it\/wp-json\/wp\/v2\/product_tag?post=344"}],"curies":[{"name":"wp","href":"https:\/\/api.w.org\/{rel}","templated":true}]}}