{"id":351,"date":"2023-01-26T11:45:10","date_gmt":"2023-01-26T11:45:10","guid":{"rendered":"https:\/\/poderetesoro.com\/?post_type=product&#038;p=351"},"modified":"2023-12-04T11:04:40","modified_gmt":"2023-12-04T11:04:40","slug":"oro-verde-extra-virgin-olive-oil-250ml","status":"publish","type":"product","link":"https:\/\/poderetesoro.com\/it\/prodotto\/oro-verde-extra-virgin-olive-oil-250ml\/","title":{"rendered":"Olio Extravergine di Oliva Oro Verde | Bottiglia da 250ml | Podere Tesoro"},"content":{"rendered":"<p><img fetchpriority=\"high\" decoding=\"async\" class=\"wp-image-1633 size-medium\" src=\"https:\/\/poderetesoro.com\/wp-content\/uploads\/2023\/01\/3-300x300.png\" alt=\"Oro Verde | Podere tesoro | Extra Virgin Olive Oil | Organic | Tuscan products | Wedding venue tuscany\" width=\"300\" height=\"300\" srcset=\"https:\/\/poderetesoro.com\/wp-content\/uploads\/2023\/01\/3-300x300.png 300w, https:\/\/poderetesoro.com\/wp-content\/uploads\/2023\/01\/3-1024x1024.png 1024w, https:\/\/poderetesoro.com\/wp-content\/uploads\/2023\/01\/3-150x150.png 150w, https:\/\/poderetesoro.com\/wp-content\/uploads\/2023\/01\/3-2000x2000.png 2000w, https:\/\/poderetesoro.com\/wp-content\/uploads\/2023\/01\/3-1536x1536.png 1536w, https:\/\/poderetesoro.com\/wp-content\/uploads\/2023\/01\/3-2048x2048.png 2048w, https:\/\/poderetesoro.com\/wp-content\/uploads\/2023\/01\/3-600x600.png 600w, https:\/\/poderetesoro.com\/wp-content\/uploads\/2023\/01\/3-100x100.png 100w, https:\/\/poderetesoro.com\/wp-content\/uploads\/2023\/01\/3-12x12.png 12w\" sizes=\"(max-width: 300px) 100vw, 300px\" \/><\/p>\n<div class=\"x-el x-el-div c2-1 c2-2 c2-g c2-1t c2-1u c2-1v c2-1w c2-1x c2-1y c2-1z c2-3 c2-4 c2-20 c2-21 c2-22 c2-23 c2-5 c2-6 c2-7 c2-8\" data-ux=\"Grid\">\n<div class=\"x-el x-el-div c2-1 c2-2 c2-1t c2-24 c2-25 c2-55 c2-14 c2-28 c2-29 c2-2a c2-2b c2-3 c2-4 c2-7k c2-7l c2-2e c2-2f c2-2g c2-2h c2-5 c2-6 c2-7 c2-8\" data-ux=\"GridCell\">\n<div class=\"x-el x-el-div c2-1 c2-2 c2-3 c2-4 c2-5 c2-6 c2-7 c2-8\" data-ux=\"Block\">\n<div class=\"x-el c2-1 c2-2 c2-34 c2-35 c2-3o c2-1w c2-2s c2-3 c2-2y c2-4 c2-3e c2-5 c2-6 c2-7 c2-8 x-rt\" data-ux=\"Text\" data-aid=\"PRODUCT_DESCRIPTION_RENDERED\" data-typography=\"BodyAlpha\">\n<p><strong>&#8216;Oro Verde&#8217; Extra Virgin Olive Oil | 250ml Bottle | Podere Tesoro<\/strong><\/p>\n<p>L'olio extravergine di oliva Oro Verde \u00e8 ottenuto da olive raccolte a novembre e subito spremute a freddo. Ha un sapore delicato e fruttato con sottili note di mandorla, perfetto per il Mediterraneo.<\/p>\n<p><strong>Variet\u00e0 Piante:<\/strong> Frantoio, Leccino, Moraiolo e Pendolino. I nostri oliveti si trovano a un'altitudine ideale di circa 300-400 metri sul livello del mare, con un'ottima esposizione al sole. Questo garantisce una bassa acidit\u00e0 in termini di acido oleico.<\/p>\n<p><strong>Resa:<\/strong> 10-12% coltivazione in agricoltura biologica.<\/p>\n<p><strong>Spremitura:<\/strong> Prima spremitura con metodo a freddo<\/p>\n<p><strong>Acidit\u00e0:<\/strong> bassa acidit\u00e0 non superiore al 0,1%<\/p>\n<p><strong>Raccolta e lavorazione:<\/strong> La raccolta avviene all'inizio di novembre: le olive vengono raccolte a mano, messe in piccole cassette e portate al frantoio per la spremitura entro 12-24 ore. Solo la prima spremitura viene utilizzata per conservare l'essenza delle olive. Si applica il metodo di spremitura a freddo (temperatura non superiore a 27\u00b0C). L'olio che ne deriva \u00e8 di quantit\u00e0 estremamente limitata e di qualit\u00e0 eccezionale, a dimostrazione della sua autenticit\u00e0.<\/p>\n<p><strong>Caratteristiche:<\/strong> Il colore \u00e8 verde intenso alla pressatura, per poi passare a una delicata tonalit\u00e0 gialla. Il sapore \u00e8 delicatamente fresco e fruttato, con una sottile speziatura che non sovrasta il palato, rimanendo leggero con note di mandorla.<\/p>\n<p><strong>Abbinamenti:<\/strong> Ideale per l'uso a crudo, per arricchire piatti mediterranei come insalate, zuppe, bruschette toscane e schiacciate fiorentine. \u00c8 anche un sano sostituto del burro nella preparazione dei dolci.<\/p>\n<p><strong>Conservazione:<\/strong> In ambiente fresco e asciutto, lontano da fonti di luce e calore.<\/p>\n<p><strong>Formati disponibili:<\/strong><\/p>\n<ul>\n<li>Lattina da 100 ml = 7,00 \u20ac (ideale per i viaggi in aereo)<\/li>\n<li>Bottiglia da 250 ml = 12,00 \u20ac<\/li>\n<li>Bottiglia da 500 ml = 18,00 \u20ac<\/li>\n<li>bottiglia da 750 ml = 25,00 \u20ac<\/li>\n<\/ul>\n<\/div>\n<\/div>\n<\/div>\n<\/div>\n<div class=\"x-el x-el-div c2-1 c2-2 c2-g c2-1t c2-1u c2-1v c2-1w c2-1x c2-1y c2-1z c2-3 c2-4 c2-20 c2-21 c2-22 c2-23 c2-5 c2-6 c2-7 c2-8\" data-ux=\"Grid\"><a href=\"https:\/\/www.instagram.com\/podere_tesoro\/\">Date un'occhiata a Instagram qui!<\/a><\/div>","protected":false},"excerpt":{"rendered":"<p>&nbsp;<\/p>\n<p>Oro Verde, Olio Extravergine di Oliva Biologico \u00e8 perfetto per i piatti tipici della cucina mediterranea, ideale per insalate, zuppe, bruschette toscane, schiacciate fiorentine. \u00c8 anche una sana alternativa al burro in cucina e al forno.<\/p>","protected":false},"featured_media":1633,"template":"","meta":{"_coblocks_attr":"","_coblocks_dimensions":"","_coblocks_responsive_height":"","_coblocks_accordion_ie_support":"","_themeisle_gutenberg_block_has_review":false},"product_brand":[],"product_cat":[24],"product_tag":[],"class_list":{"0":"post-351","1":"product","2":"type-product","3":"status-publish","4":"has-post-thumbnail","6":"product_cat-olio-extravergine","8":"first","9":"instock","10":"downloadable","11":"sold-individually","12":"taxable","13":"shipping-taxable","14":"purchasable","15":"product-type-simple"},"yoast_head":"<!-- This site is optimized with the Yoast SEO plugin v27.4 - https:\/\/yoast.com\/product\/yoast-seo-wordpress\/ -->\n<title>Oro Verde Extra Virgin Olive Oil | 250ml Bottle | Podere Tesoro - PODERE TESORO<\/title>\n<meta name=\"description\" content=\"Oro Verde Extra Virgin Olive Oil crafted from Olives grown at Podere Tesoro. Purchase our Organic cold pressed olive oil today.\" \/>\n<meta name=\"robots\" content=\"index, follow, max-snippet:-1, max-image-preview:large, max-video-preview:-1\" \/>\n<link rel=\"canonical\" href=\"https:\/\/poderetesoro.com\/it\/prodotto\/oro-verde-extra-virgin-olive-oil-250ml\/\" \/>\n<meta property=\"og:locale\" content=\"it_IT\" \/>\n<meta property=\"og:type\" content=\"article\" \/>\n<meta property=\"og:title\" content=\"Oro Verde Extra Virgin Olive Oil | 250ml Bottle | Podere Tesoro - PODERE TESORO\" \/>\n<meta property=\"og:description\" content=\"Oro Verde Extra Virgin Olive Oil crafted from Olives grown at Podere Tesoro. Purchase our Organic cold pressed olive oil today.\" \/>\n<meta property=\"og:url\" content=\"https:\/\/poderetesoro.com\/it\/prodotto\/oro-verde-extra-virgin-olive-oil-250ml\/\" \/>\n<meta property=\"og:site_name\" content=\"PODERE TESORO\" \/>\n<meta property=\"article:modified_time\" content=\"2023-12-04T11:04:40+00:00\" \/>\n<meta property=\"og:image\" content=\"https:\/\/poderetesoro.com\/wp-content\/uploads\/2023\/01\/3-1024x1024.png\" \/>\n\t<meta property=\"og:image:width\" content=\"1024\" \/>\n\t<meta property=\"og:image:height\" content=\"1024\" \/>\n\t<meta property=\"og:image:type\" content=\"image\/png\" \/>\n<meta name=\"twitter:card\" content=\"summary_large_image\" \/>\n<meta name=\"twitter:label1\" content=\"Tempo di lettura stimato\" \/>\n\t<meta name=\"twitter:data1\" content=\"2 minuti\" \/>\n<script type=\"application\/ld+json\" class=\"yoast-schema-graph\">{\"@context\":\"https:\\\/\\\/schema.org\",\"@graph\":[{\"@type\":\"WebPage\",\"@id\":\"https:\\\/\\\/poderetesoro.com\\\/product\\\/oro-verde-extra-virgin-olive-oil-250ml\\\/\",\"url\":\"https:\\\/\\\/poderetesoro.com\\\/product\\\/oro-verde-extra-virgin-olive-oil-250ml\\\/\",\"name\":\"Oro Verde Extra Virgin Olive Oil | 250ml Bottle | Podere Tesoro - PODERE TESORO\",\"isPartOf\":{\"@id\":\"https:\\\/\\\/poderetesoro.com\\\/#website\"},\"primaryImageOfPage\":{\"@id\":\"https:\\\/\\\/poderetesoro.com\\\/product\\\/oro-verde-extra-virgin-olive-oil-250ml\\\/#primaryimage\"},\"image\":{\"@id\":\"https:\\\/\\\/poderetesoro.com\\\/product\\\/oro-verde-extra-virgin-olive-oil-250ml\\\/#primaryimage\"},\"thumbnailUrl\":\"https:\\\/\\\/poderetesoro.com\\\/wp-content\\\/uploads\\\/2023\\\/01\\\/3.png\",\"datePublished\":\"2023-01-26T11:45:10+00:00\",\"dateModified\":\"2023-12-04T11:04:40+00:00\",\"description\":\"Oro Verde Extra Virgin Olive Oil crafted from Olives grown at Podere Tesoro. Purchase our Organic cold pressed olive oil today.\",\"breadcrumb\":{\"@id\":\"https:\\\/\\\/poderetesoro.com\\\/product\\\/oro-verde-extra-virgin-olive-oil-250ml\\\/#breadcrumb\"},\"inLanguage\":\"it-IT\",\"potentialAction\":[{\"@type\":\"ReadAction\",\"target\":[\"https:\\\/\\\/poderetesoro.com\\\/product\\\/oro-verde-extra-virgin-olive-oil-250ml\\\/\"]}]},{\"@type\":\"ImageObject\",\"inLanguage\":\"it-IT\",\"@id\":\"https:\\\/\\\/poderetesoro.com\\\/product\\\/oro-verde-extra-virgin-olive-oil-250ml\\\/#primaryimage\",\"url\":\"https:\\\/\\\/poderetesoro.com\\\/wp-content\\\/uploads\\\/2023\\\/01\\\/3.png\",\"contentUrl\":\"https:\\\/\\\/poderetesoro.com\\\/wp-content\\\/uploads\\\/2023\\\/01\\\/3.png\",\"width\":2835,\"height\":2835,\"caption\":\"Oro Verde | Podere tesoro | Extra Virgin Olive Oil | Organic | Tuscan products | Wedding venue tuscany\"},{\"@type\":\"BreadcrumbList\",\"@id\":\"https:\\\/\\\/poderetesoro.com\\\/product\\\/oro-verde-extra-virgin-olive-oil-250ml\\\/#breadcrumb\",\"itemListElement\":[{\"@type\":\"ListItem\",\"position\":1,\"name\":\"Home\",\"item\":\"https:\\\/\\\/poderetesoro.com\\\/\"},{\"@type\":\"ListItem\",\"position\":2,\"name\":\"Bio Shop\",\"item\":\"https:\\\/\\\/poderetesoro.com\\\/bio-shop-podere-tesoro-products\\\/\"},{\"@type\":\"ListItem\",\"position\":3,\"name\":\"Oro Verde Extra Virgin Olive Oil | 250ml Bottle | Podere Tesoro\"}]},{\"@type\":\"WebSite\",\"@id\":\"https:\\\/\\\/poderetesoro.com\\\/#website\",\"url\":\"https:\\\/\\\/poderetesoro.com\\\/\",\"name\":\"PODERE TESORO\",\"description\":\"Luxury Tuscan Villa\",\"publisher\":{\"@id\":\"https:\\\/\\\/poderetesoro.com\\\/#organization\"},\"potentialAction\":[{\"@type\":\"SearchAction\",\"target\":{\"@type\":\"EntryPoint\",\"urlTemplate\":\"https:\\\/\\\/poderetesoro.com\\\/?s={search_term_string}\"},\"query-input\":{\"@type\":\"PropertyValueSpecification\",\"valueRequired\":true,\"valueName\":\"search_term_string\"}}],\"inLanguage\":\"it-IT\"},{\"@type\":\"Organization\",\"@id\":\"https:\\\/\\\/poderetesoro.com\\\/#organization\",\"name\":\"PODERE TESORO\",\"url\":\"https:\\\/\\\/poderetesoro.com\\\/\",\"logo\":{\"@type\":\"ImageObject\",\"inLanguage\":\"it-IT\",\"@id\":\"https:\\\/\\\/poderetesoro.com\\\/#\\\/schema\\\/logo\\\/image\\\/\",\"url\":\"https:\\\/\\\/poderetesoro.com\\\/wp-content\\\/uploads\\\/2023\\\/12\\\/Podere-Tesoro-square-10.png\",\"contentUrl\":\"https:\\\/\\\/poderetesoro.com\\\/wp-content\\\/uploads\\\/2023\\\/12\\\/Podere-Tesoro-square-10.png\",\"width\":1755,\"height\":1755,\"caption\":\"PODERE TESORO\"},\"image\":{\"@id\":\"https:\\\/\\\/poderetesoro.com\\\/#\\\/schema\\\/logo\\\/image\\\/\"},\"sameAs\":[\"https:\\\/\\\/instagram.com\\\/weddings_tuscany_winery?igshid=OGQ5ZDc2ODk2ZA==\"]}]}<\/script>\n<!-- \/ Yoast SEO plugin. -->","yoast_head_json":{"title":"Oro Verde Extra Virgin Olive Oil | 250ml Bottle | Podere Tesoro - PODERE TESORO","description":"Oro Verde Extra Virgin Olive Oil crafted from Olives grown at Podere Tesoro. Purchase our Organic cold pressed olive oil today.","robots":{"index":"index","follow":"follow","max-snippet":"max-snippet:-1","max-image-preview":"max-image-preview:large","max-video-preview":"max-video-preview:-1"},"canonical":"https:\/\/poderetesoro.com\/it\/prodotto\/oro-verde-extra-virgin-olive-oil-250ml\/","og_locale":"it_IT","og_type":"article","og_title":"Oro Verde Extra Virgin Olive Oil | 250ml Bottle | Podere Tesoro - PODERE TESORO","og_description":"Oro Verde Extra Virgin Olive Oil crafted from Olives grown at Podere Tesoro. Purchase our Organic cold pressed olive oil today.","og_url":"https:\/\/poderetesoro.com\/it\/prodotto\/oro-verde-extra-virgin-olive-oil-250ml\/","og_site_name":"PODERE TESORO","article_modified_time":"2023-12-04T11:04:40+00:00","og_image":[{"width":1024,"height":1024,"url":"https:\/\/poderetesoro.com\/wp-content\/uploads\/2023\/01\/3-1024x1024.png","type":"image\/png"}],"twitter_card":"summary_large_image","twitter_misc":{"Tempo di lettura stimato":"2 minuti"},"schema":{"@context":"https:\/\/schema.org","@graph":[{"@type":"WebPage","@id":"https:\/\/poderetesoro.com\/product\/oro-verde-extra-virgin-olive-oil-250ml\/","url":"https:\/\/poderetesoro.com\/product\/oro-verde-extra-virgin-olive-oil-250ml\/","name":"Oro Verde Extra Virgin Olive Oil | 250ml Bottle | Podere Tesoro - PODERE TESORO","isPartOf":{"@id":"https:\/\/poderetesoro.com\/#website"},"primaryImageOfPage":{"@id":"https:\/\/poderetesoro.com\/product\/oro-verde-extra-virgin-olive-oil-250ml\/#primaryimage"},"image":{"@id":"https:\/\/poderetesoro.com\/product\/oro-verde-extra-virgin-olive-oil-250ml\/#primaryimage"},"thumbnailUrl":"https:\/\/poderetesoro.com\/wp-content\/uploads\/2023\/01\/3.png","datePublished":"2023-01-26T11:45:10+00:00","dateModified":"2023-12-04T11:04:40+00:00","description":"Oro Verde Extra Virgin Olive Oil crafted from Olives grown at Podere Tesoro. Purchase our Organic cold pressed olive oil today.","breadcrumb":{"@id":"https:\/\/poderetesoro.com\/product\/oro-verde-extra-virgin-olive-oil-250ml\/#breadcrumb"},"inLanguage":"it-IT","potentialAction":[{"@type":"ReadAction","target":["https:\/\/poderetesoro.com\/product\/oro-verde-extra-virgin-olive-oil-250ml\/"]}]},{"@type":"ImageObject","inLanguage":"it-IT","@id":"https:\/\/poderetesoro.com\/product\/oro-verde-extra-virgin-olive-oil-250ml\/#primaryimage","url":"https:\/\/poderetesoro.com\/wp-content\/uploads\/2023\/01\/3.png","contentUrl":"https:\/\/poderetesoro.com\/wp-content\/uploads\/2023\/01\/3.png","width":2835,"height":2835,"caption":"Oro Verde | Podere tesoro | Extra Virgin Olive Oil | Organic | Tuscan products | Wedding venue tuscany"},{"@type":"BreadcrumbList","@id":"https:\/\/poderetesoro.com\/product\/oro-verde-extra-virgin-olive-oil-250ml\/#breadcrumb","itemListElement":[{"@type":"ListItem","position":1,"name":"Home","item":"https:\/\/poderetesoro.com\/"},{"@type":"ListItem","position":2,"name":"Bio Shop","item":"https:\/\/poderetesoro.com\/bio-shop-podere-tesoro-products\/"},{"@type":"ListItem","position":3,"name":"Oro Verde Extra Virgin Olive Oil | 250ml Bottle | Podere Tesoro"}]},{"@type":"WebSite","@id":"https:\/\/poderetesoro.com\/#website","url":"https:\/\/poderetesoro.com\/","name":"PODERE TESORO","description":"Luxury Tuscan Villa","publisher":{"@id":"https:\/\/poderetesoro.com\/#organization"},"potentialAction":[{"@type":"SearchAction","target":{"@type":"EntryPoint","urlTemplate":"https:\/\/poderetesoro.com\/?s={search_term_string}"},"query-input":{"@type":"PropertyValueSpecification","valueRequired":true,"valueName":"search_term_string"}}],"inLanguage":"it-IT"},{"@type":"Organization","@id":"https:\/\/poderetesoro.com\/#organization","name":"PODERE TESORO","url":"https:\/\/poderetesoro.com\/","logo":{"@type":"ImageObject","inLanguage":"it-IT","@id":"https:\/\/poderetesoro.com\/#\/schema\/logo\/image\/","url":"https:\/\/poderetesoro.com\/wp-content\/uploads\/2023\/12\/Podere-Tesoro-square-10.png","contentUrl":"https:\/\/poderetesoro.com\/wp-content\/uploads\/2023\/12\/Podere-Tesoro-square-10.png","width":1755,"height":1755,"caption":"PODERE TESORO"},"image":{"@id":"https:\/\/poderetesoro.com\/#\/schema\/logo\/image\/"},"sameAs":["https:\/\/instagram.com\/weddings_tuscany_winery?igshid=OGQ5ZDc2ODk2ZA=="]}]}},"_links":{"self":[{"href":"https:\/\/poderetesoro.com\/it\/wp-json\/wp\/v2\/product\/351","targetHints":{"allow":["GET"]}}],"collection":[{"href":"https:\/\/poderetesoro.com\/it\/wp-json\/wp\/v2\/product"}],"about":[{"href":"https:\/\/poderetesoro.com\/it\/wp-json\/wp\/v2\/types\/product"}],"wp:featuredmedia":[{"embeddable":true,"href":"https:\/\/poderetesoro.com\/it\/wp-json\/wp\/v2\/media\/1633"}],"wp:attachment":[{"href":"https:\/\/poderetesoro.com\/it\/wp-json\/wp\/v2\/media?parent=351"}],"wp:term":[{"taxonomy":"product_brand","embeddable":true,"href":"https:\/\/poderetesoro.com\/it\/wp-json\/wp\/v2\/product_brand?post=351"},{"taxonomy":"product_cat","embeddable":true,"href":"https:\/\/poderetesoro.com\/it\/wp-json\/wp\/v2\/product_cat?post=351"},{"taxonomy":"product_tag","embeddable":true,"href":"https:\/\/poderetesoro.com\/it\/wp-json\/wp\/v2\/product_tag?post=351"}],"curies":[{"name":"wp","href":"https:\/\/api.w.org\/{rel}","templated":true}]}}